{"id":203,"date":"2025-09-24T10:53:55","date_gmt":"2025-09-24T14:53:55","guid":{"rendered":"https:\/\/marina.portquebec.ca\/infos-pratiques\/comment-me-rendre\/"},"modified":"2025-11-18T09:36:53","modified_gmt":"2025-11-18T14:36:53","slug":"how-to-get-there","status":"publish","type":"page","link":"https:\/\/marina.portquebec.ca\/en\/how-to-get-there\/","title":{"rendered":"How to get there"},"content":{"rendered":"\t<div class=\"item component-block-page-header wave wave--in-title wave--flipped wave--1 wave--color-2\">\n\t\t<div class=\"container\">\n\t\t\t<div class=\"block-page-header block-page-header--has-image\">\n\t\t\t\t<div class=\"block-page-header__title\">\n\t\t\t\t\t<h1 class=\"h1\">How do I get to the marina?<\/h1>\n\t\t\t\t\t\t\t\t\t\t\t<div class=\"wysiwyg\">\n\t\t\t\t\t\t\t<p>The Port of Qu\u00e9bec Marina can be reached by foot, bike, public transport and car. If you are arriving from L\u00e9vis, the ferry is also a nice option, since the terminal is only a few minutes\u2019 walk from the Marina.<\/p>\n\n\t\t\t\t\t\t<\/div>\n\t\t\t\t\t\t\t\t\t<\/div>\n\t\t\t\t\t\t\t\t\t<div class=\"block-page-header__media\">\n\t\t\t\t\t\t\n\t\t\t\t\t\t\t\t\t\t\t\t\t<div class=\"block-page-header__media__container  \">\n\t\t\t\t\t\t\t\t<img loading=\"lazy\" decoding=\"async\" width=\"1488\" height=\"1096\" src=\"https:\/\/marina.portquebec.ca\/wp-content\/uploads\/2025\/11\/image_39-1_compressed-1-1.webp\" class=\"attachment-1488_1096 size-1488_1096\" alt=\"Image of the services offered at the Marina\" srcset=\"https:\/\/marina.portquebec.ca\/wp-content\/uploads\/2025\/11\/image_39-1_compressed-1-1.webp 1488w, https:\/\/marina.portquebec.ca\/wp-content\/uploads\/2025\/11\/image_39-1_compressed-1-1-300x221.webp 300w, https:\/\/marina.portquebec.ca\/wp-content\/uploads\/2025\/11\/image_39-1_compressed-1-1-1024x754.webp 1024w, https:\/\/marina.portquebec.ca\/wp-content\/uploads\/2025\/11\/image_39-1_compressed-1-1-768x566.webp 768w, https:\/\/marina.portquebec.ca\/wp-content\/uploads\/2025\/11\/image_39-1_compressed-1-1-1400x1031.webp 1400w, https:\/\/marina.portquebec.ca\/wp-content\/uploads\/2025\/11\/image_39-1_compressed-1-1-800x589.webp 800w, https:\/\/marina.portquebec.ca\/wp-content\/uploads\/2025\/11\/image_39-1_compressed-1-1-1369x1008.webp 1369w, https:\/\/marina.portquebec.ca\/wp-content\/uploads\/2025\/11\/image_39-1_compressed-1-1-1184x872.webp 1184w, https:\/\/marina.portquebec.ca\/wp-content\/uploads\/2025\/11\/image_39-1_compressed-1-1-1194x879.webp 1194w, https:\/\/marina.portquebec.ca\/wp-content\/uploads\/2025\/11\/image_39-1_compressed-1-1-790x582.webp 790w, https:\/\/marina.portquebec.ca\/wp-content\/uploads\/2025\/11\/image_39-1_compressed-1-1-770x567.webp 770w, https:\/\/marina.portquebec.ca\/wp-content\/uploads\/2025\/11\/image_39-1_compressed-1-1-562x414.webp 562w, https:\/\/marina.portquebec.ca\/wp-content\/uploads\/2025\/11\/image_39-1_compressed-1-1-149x110.webp 149w, https:\/\/marina.portquebec.ca\/wp-content\/uploads\/2025\/11\/image_39-1_compressed-1-1-320x236.webp 320w\" sizes=\"auto, (max-width: 1488px) 100vw, 1488px\" \/>\n\t\t\t\t\t\t\t<\/div>\n\t\t\t\t\t\t\t\t\t\t\t<\/div>\n\t\t\t\t\t\t\t<\/div>\n\t\t<\/div>\n\t<\/div>\n\n\n\t<div class=\"item component-block-transportation background-color--2 \">\n\t\t<div  class=\"container container--small\">\n\t\t\t<div class=\"block-transportation\">\n\t\t\t\t\t\t\t\t<div class=\"block-transportation__list\" role=\"list\">\n\t\t\t\t\t\t\t\t\t\t\t<div class=\"block-transportation__item\" role=\"listitem\">\n\t\t\t\t\t\t\t\t\t\t\t\t\t\t\t<div class=\"block-transportation__content block-transportation__content--has-image\">\n\t\t\t\t\t\t\t\t\t\t\t\t\t\t\t\t\t\t\t<div class=\"block-transportation__image\">\n\t\t\t\t\t\t\t\t\t\t\t<img loading=\"lazy\" decoding=\"async\" width=\"1\" height=\"1\" src=\"https:\/\/marina.portquebec.ca\/wp-content\/uploads\/2025\/11\/bus.svg\" class=\"attachment-320_296 size-320_296\" alt=\"Illustration of a bus\" \/>\n\t\t\t\t\t\t\t\t\t\t<\/div>\n\t\t\t\t\t\t\t\t\t\t\t\t\t\t\t\t\t\t\t\t\t\t\t\t\t\t\t\t<div class=\"block-transportation__text\">\n\t\t\t\t\t\t\t\t\t\t\t<div class=\"wysiwyg\">\n\t\t\t\t\t\t\t\t\t\t\t\t\t\t\t\t\t\t\t\t\t\t\t\t\t<h2 class=\"h3\">Public transport<\/h2>\n\t\t\t\t\t\t\t\t\t\t\t\t\t\t\t\t\t\t\t\t\t\t\t\t\t\t\t\t\t\t\t\t\t\t\t\t\t<div class=\"elementor-element elementor-element-2c0637e e-con-full e-flex e-con e-child\" data-id=\"2c0637e\" data-element_type=\"container\" data-settings=\"{&quot;jet_parallax_layout_list&quot;:[]}\">\n<div class=\"elementor-element elementor-element-398c30eb elementor-widget elementor-widget-text-editor\" data-id=\"398c30eb\" data-element_type=\"widget\" data-widget_type=\"text-editor.default\">\n<div class=\"elementor-widget-container\">Qu\u00e9bec City\u2019s public bus network offers several routes to the Port of Qu\u00e9bec Marina.<\/div>\n<\/div>\n<\/div>\n<div class=\"elementor-element elementor-element-42dc98b elementor-widget elementor-widget-jet-listing-dynamic-repeater\" data-id=\"42dc98b\" data-element_type=\"widget\" data-widget_type=\"jet-listing-dynamic-repeater.default\">\n<div class=\"elementor-widget-container\">\n<div class=\"jet-listing jet-listing-dynamic-repeater\">\n<div class=\"jet-listing-dynamic-repeater__items \">\n<div class=\"jet-listing-dynamic-repeater__item\">\n<div class=\"item-bus\"><\/div>\n<\/div>\n<\/div>\n<\/div>\n<\/div>\n<\/div>\n\n\t\t\t\t\t\t\t\t\t\t\t\t\t\t\t\t\t\t\t\t\t\t\t<\/div>\n\t\t\t\t\t\t\t\t\t\t\t\t\t\t\t\t\t\t\t\t\t<\/div>\n\t\t\t\t\t\t\t\t\t\t\t\t\t\t\t\t\t<\/div>\n\t\t\t\t\t\t\t\n\t\t\t\t\t\t\t\t\t\t\t\t\t\t\t<ul class=\"bus\">\n\t\t\t\t\t\t\t\t\t\t\t\t\t\t\t\t\t\t\t<li class=\"bus__item\">\n\t\t\t\t\t\t\t\t\t\t\t<p class=\"bus__number\">\n\t\t\t\t\t\t\t\t\t\t\t\t<span class=\"visuallyhidden\">Routes<\/span>\n\t\t\t\t\t\t\t\t\t\t\t\t01<\/p>\n\t\t\t\t\t\t\t\t\t\t\t<div class=\"bus__description wysiwyg\"><p>From Belv\u00e9d\u00e8re station to the ferry terminal, route 1 provides access to the Qu\u00e9bec-L\u00e9vis crossing. When you get off at the St-Thomas Station stop, it is an 11-minute walk to reach the marina.<\/p>\n<\/div>\n\t\t\t\t\t\t\t\t\t\t<\/li>\n\t\t\t\t\t\t\t\t\t\t\t\t\t\t\t\t\t\t\t<li class=\"bus__item\">\n\t\t\t\t\t\t\t\t\t\t\t<p class=\"bus__number\">\n\t\t\t\t\t\t\t\t\t\t\t\t<span class=\"visuallyhidden\">Routes<\/span>\n\t\t\t\t\t\t\t\t\t\t\t\t11<\/p>\n\t\t\t\t\t\t\t\t\t\t\t<div class=\"bus__description wysiwyg\"><p>Serving Old Qu\u00e9bec, Route 11 will drop you off near the Marina at the Dalhousie stop.<\/p>\n<\/div>\n\t\t\t\t\t\t\t\t\t\t<\/li>\n\t\t\t\t\t\t\t\t\t\t\t\t\t\t\t\t\t<\/ul>\n\t\t\t\t\t\t\t\t\t\t\t\t\t<\/div>\n\t\t\t\t\t\t\t\t\t\t\t<div class=\"block-transportation__item\" role=\"listitem\">\n\t\t\t\t\t\t\t\t\t\t\t\t\t\t\t<div class=\"block-transportation__content block-transportation__content--has-image\">\n\t\t\t\t\t\t\t\t\t\t\t\t\t\t\t\t\t\t\t<div class=\"block-transportation__image\">\n\t\t\t\t\t\t\t\t\t\t\t<img loading=\"lazy\" decoding=\"async\" width=\"1\" height=\"1\" src=\"https:\/\/marina.portquebec.ca\/wp-content\/uploads\/2025\/11\/icon_bike.svg\" class=\"attachment-320_296 size-320_296\" alt=\"Illustration of a bike\" \/>\n\t\t\t\t\t\t\t\t\t\t<\/div>\n\t\t\t\t\t\t\t\t\t\t\t\t\t\t\t\t\t\t\t\t\t\t\t\t\t\t\t\t<div class=\"block-transportation__text\">\n\t\t\t\t\t\t\t\t\t\t\t<div class=\"wysiwyg\">\n\t\t\t\t\t\t\t\t\t\t\t\t\t\t\t\t\t\t\t\t\t\t\t\t\t<h2 class=\"h3\">By bike<\/h2>\n\t\t\t\t\t\t\t\t\t\t\t\t\t\t\t\t\t\t\t\t\t\t\t\t\t\t\t\t\t\t\t\t\t\t\t\t\t<p>Whether you arrive by bike via the Champlain Boulevard bike path, the Coastal Corridor or the Cheminots Corridor, or you take the Quebec-L\u00e9vis ferry, the region\u2019s network of bike paths make biking to the Port of Qu\u00e9bec Marina easy. Bike racks are available on site and nearby so that you are free to enjoy all that the Marina has to offer.<\/p>\n\n\t\t\t\t\t\t\t\t\t\t\t\t\t\t\t\t\t\t\t\t\t\t\t<\/div>\n\t\t\t\t\t\t\t\t\t\t\t\t\t\t\t\t\t\t\t\t\t<\/div>\n\t\t\t\t\t\t\t\t\t\t\t\t\t\t\t\t\t<\/div>\n\t\t\t\t\t\t\t\n\t\t\t\t\t\t\t\t\t\t\t\t\t<\/div>\n\t\t\t\t\t\t\t\t\t\t\t<div class=\"block-transportation__item\" role=\"listitem\">\n\t\t\t\t\t\t\t\t\t\t\t\t\t\t\t<div class=\"block-transportation__content block-transportation__content--has-image\">\n\t\t\t\t\t\t\t\t\t\t\t\t\t\t\t\t\t\t\t<div class=\"block-transportation__image\">\n\t\t\t\t\t\t\t\t\t\t\t<img loading=\"lazy\" decoding=\"async\" width=\"1\" height=\"1\" src=\"https:\/\/marina.portquebec.ca\/wp-content\/uploads\/2025\/11\/voiture-1.svg\" class=\"attachment-320_296 size-320_296\" alt=\"Illustration of a car\" \/>\n\t\t\t\t\t\t\t\t\t\t<\/div>\n\t\t\t\t\t\t\t\t\t\t\t\t\t\t\t\t\t\t\t\t\t\t\t\t\t\t\t\t<div class=\"block-transportation__text\">\n\t\t\t\t\t\t\t\t\t\t\t<div class=\"wysiwyg\">\n\t\t\t\t\t\t\t\t\t\t\t\t\t\t\t\t\t\t\t\t\t\t\t\t\t<h2 class=\"h3\"> By car<\/h2>\n\t\t\t\t\t\t\t\t\t\t\t\t\t\t\t\t\t\t\t\t\t\t\t\t\t\t\t\t\t\t\t\t\t\t\t\t\t<p>You can get to the Port of Qu\u00e9bec Marina by car. Several parking lots are available nearby to park your vehicle, including the members\u2019 parking lot and Louise Basin parking lot located nearby. Members must purchase a sticker for the season and visitors can pay on site as needed.<\/p>\n\n\t\t\t\t\t\t\t\t\t\t\t\t\t\t\t\t\t\t\t\t\t\t\t<\/div>\n\t\t\t\t\t\t\t\t\t\t\t\t\t\t\t\t\t\t\t\t\t<\/div>\n\t\t\t\t\t\t\t\t\t\t\t\t\t\t\t\t\t<\/div>\n\t\t\t\t\t\t\t\n\t\t\t\t\t\t\t\t\t\t\t\t\t<\/div>\n\t\t\t\t\t\t\t\t\t<\/div>\n\t\t\t<\/div>\n\t\t<\/div>\n\t<\/div>\n\n\n\t<div class=\"item component-block-google-map background-color--2 wave wave--1 wave--color-2\">\n\t\t<div class=\"container\">\n\t\t\t<div class=\"block-google-map\">\n\t\t\t\t\t\t\t\t\t<h2 class=\"h2\">Parking map<\/h2>\n\t\t\t\t\n\t\t\t\t<div>\n\t\t\t\t\t<div aria-hidden=\"true\" focusable=\"false\">\n\t\t\t\t\t\t<iframe src=\"https:\/\/www.google.com\/maps\/embed?pb=!1m16!1m12!1m3!1d3861.188689929845!2d-71.20890845000214!3d46.81863071980465!2m3!1f0!2f0!3f0!3m2!1i1024!2i768!4f13.1!2m1!1sStationnement!5e0!3m2!1sen!2sca!4v1762809293156!5m2!1sen!2sca\" width=\"600\" height=\"450\" style=\"border:0;\" allowfullscreen=\"\" loading=\"lazy\" referrerpolicy=\"no-referrer-when-downgrade\"><\/iframe>\n\t\t\t\t\t<\/div>\n\n\t\t\t\t\t\t\t\t\t<\/div>\n\t\t\t<\/div>\n\t\t<\/div>\n\t<\/div>\n\n\n\t<div class=\"item component-block-transportation background-color--1 \">\n\t\t<div  class=\"container container--small\">\n\t\t\t<div class=\"block-transportation\">\n\t\t\t\t\t\t\t\t<div class=\"block-transportation__list\" role=\"list\">\n\t\t\t\t\t\t\t\t\t\t\t<div class=\"block-transportation__item\" role=\"listitem\">\n\t\t\t\t\t\t\t\t\t\t\t\t\t\t\t<div class=\"block-transportation__content block-transportation__content--has-image\">\n\t\t\t\t\t\t\t\t\t\t\t\t\t\t\t\t\t\t\t<div class=\"block-transportation__image\">\n\t\t\t\t\t\t\t\t\t\t\t<img loading=\"lazy\" decoding=\"async\" width=\"1\" height=\"1\" src=\"https:\/\/marina.portquebec.ca\/wp-content\/uploads\/2025\/11\/bateau-1.svg\" class=\"attachment-320_296 size-320_296\" alt=\"Illustration of a boat\" \/>\n\t\t\t\t\t\t\t\t\t\t<\/div>\n\t\t\t\t\t\t\t\t\t\t\t\t\t\t\t\t\t\t\t\t\t\t\t\t\t\t\t\t<div class=\"block-transportation__text\">\n\t\t\t\t\t\t\t\t\t\t\t<div class=\"wysiwyg\">\n\t\t\t\t\t\t\t\t\t\t\t\t\t\t\t\t\t\t\t\t\t\t\t\t\t<h2 class=\"h3\"> By ferry<\/h2>\n\t\t\t\t\t\t\t\t\t\t\t\t\t\t\t\t\t\t\t\t\t\t\t\t\t\t\t\t\t\t\t\t\t\t\t\t\t<p>Coming from the South Shore? The Qu\u00e9bec-L\u00e9vis ferry is a great option to get to the Port of Qu\u00e9bec Marina. From the ferry terminal, it is a 20-minute walk to the marina.<\/p>\n\n\t\t\t\t\t\t\t\t\t\t\t\t\t\t\t\t\t\t\t\t\t\t\t<\/div>\n\t\t\t\t\t\t\t\t\t\t\t\t\t\t\t\t\t\t\t\t\t<\/div>\n\t\t\t\t\t\t\t\t\t\t\t\t\t\t\t\t\t<\/div>\n\t\t\t\t\t\t\t\n\t\t\t\t\t\t\t\t\t\t\t\t\t<\/div>\n\t\t\t\t\t\t\t\t\t<\/div>\n\t\t\t<\/div>\n\t\t<\/div>\n\t<\/div>\n\n\n\t<div class=\"item component-block-google-map background-color--1 \">\n\t\t<div class=\"container\">\n\t\t\t<div class=\"block-google-map\">\n\t\t\t\t\t\t\t\t\t<h2 class=\"h2\">Ferry map<\/h2>\n\t\t\t\t\n\t\t\t\t<div>\n\t\t\t\t\t<div aria-hidden=\"true\" focusable=\"false\">\n\t\t\t\t\t\t<iframe src=\"https:\/\/www.google.com\/maps\/embed?pb=!1m12!1m8!1m3!1d10921.85033598261!2d-71.2028801!3d46.8148912!3m2!1i1024!2i768!4f13.1!2m1!1sTraversier!5e0!3m2!1sen!2sca!4v1763135787480!5m2!1sen!2sca\" width=\"600\" height=\"450\" style=\"border:0;\" allowfullscreen=\"\" loading=\"lazy\" referrerpolicy=\"no-referrer-when-downgrade\"><\/iframe>\n\t\t\t\t\t<\/div>\n\n\t\t\t\t\t\t\t\t\t<\/div>\n\t\t\t<\/div>\n\t\t<\/div>\n\t<\/div>\n","protected":false},"excerpt":{"rendered":"","protected":false},"author":1,"featured_media":0,"parent":0,"menu_order":0,"comment_status":"closed","ping_status":"closed","template":"","meta":{"_acf_changed":false,"footnotes":""},"class_list":["post-203","page","type-page","status-publish","hentry"],"acf":[],"yoast_head":"<!-- This site is optimized with the Yoast SEO plugin v26.5 - https:\/\/yoast.com\/wordpress\/plugins\/seo\/ -->\n<title>How to get there - Marina du Port de Qu\u00e9bec<\/title>\n<meta name=\"robots\" content=\"index, follow, max-snippet:-1, max-image-preview:large, max-video-preview:-1\" \/>\n<link rel=\"canonical\" href=\"https:\/\/marina.portquebec.ca\/en\/how-to-get-there\/\" \/>\n<meta property=\"og:locale\" content=\"en_US\" \/>\n<meta property=\"og:type\" content=\"article\" \/>\n<meta property=\"og:title\" content=\"How to get there - Marina du Port de Qu\u00e9bec\" \/>\n<meta property=\"og:url\" content=\"https:\/\/marina.portquebec.ca\/en\/how-to-get-there\/\" \/>\n<meta property=\"og:site_name\" content=\"Marina du Port de Qu\u00e9bec\" \/>\n<meta property=\"article:publisher\" content=\"https:\/\/www.facebook.com\/marinaportquebec\" \/>\n<meta property=\"article:modified_time\" content=\"2025-11-18T14:36:53+00:00\" \/>\n<meta property=\"og:image\" content=\"https:\/\/marina.portquebec.ca\/wp-content\/uploads\/2025\/12\/94d60834-1b28-48b4-9721-f59f7adf099a.jpg\" \/>\n\t<meta property=\"og:image:width\" content=\"1000\" \/>\n\t<meta property=\"og:image:height\" content=\"522\" \/>\n\t<meta property=\"og:image:type\" content=\"image\/jpeg\" \/>\n<meta name=\"twitter:card\" content=\"summary_large_image\" \/>\n<script type=\"application\/ld+json\" class=\"yoast-schema-graph\">{\"@context\":\"https:\/\/schema.org\",\"@graph\":[{\"@type\":\"WebPage\",\"@id\":\"https:\/\/marina.portquebec.ca\/en\/how-to-get-there\/\",\"url\":\"https:\/\/marina.portquebec.ca\/en\/how-to-get-there\/\",\"name\":\"How to get there - Marina du Port de Qu\u00e9bec\",\"isPartOf\":{\"@id\":\"https:\/\/marina.portquebec.ca\/en\/#website\"},\"datePublished\":\"2025-09-24T14:53:55+00:00\",\"dateModified\":\"2025-11-18T14:36:53+00:00\",\"breadcrumb\":{\"@id\":\"https:\/\/marina.portquebec.ca\/en\/how-to-get-there\/#breadcrumb\"},\"inLanguage\":\"en-US\",\"potentialAction\":[{\"@type\":\"ReadAction\",\"target\":[\"https:\/\/marina.portquebec.ca\/en\/how-to-get-there\/\"]}]},{\"@type\":\"BreadcrumbList\",\"@id\":\"https:\/\/marina.portquebec.ca\/en\/how-to-get-there\/#breadcrumb\",\"itemListElement\":[{\"@type\":\"ListItem\",\"position\":1,\"name\":\"Home\",\"item\":\"https:\/\/marina.portquebec.ca\/en\/\"},{\"@type\":\"ListItem\",\"position\":2,\"name\":\"How to get there\"}]},{\"@type\":\"WebSite\",\"@id\":\"https:\/\/marina.portquebec.ca\/en\/#website\",\"url\":\"https:\/\/marina.portquebec.ca\/en\/\",\"name\":\"Marina du Port de Qu\u00e9bec\",\"description\":\"\",\"publisher\":{\"@id\":\"https:\/\/marina.portquebec.ca\/en\/#organization\"},\"potentialAction\":[{\"@type\":\"SearchAction\",\"target\":{\"@type\":\"EntryPoint\",\"urlTemplate\":\"https:\/\/marina.portquebec.ca\/en\/?s={search_term_string}\"},\"query-input\":{\"@type\":\"PropertyValueSpecification\",\"valueRequired\":true,\"valueName\":\"search_term_string\"}}],\"inLanguage\":\"en-US\"},{\"@type\":\"Organization\",\"@id\":\"https:\/\/marina.portquebec.ca\/en\/#organization\",\"name\":\"Marina du Port de Qu\u00e9bec\",\"url\":\"https:\/\/marina.portquebec.ca\/en\/\",\"logo\":{\"@type\":\"ImageObject\",\"inLanguage\":\"en-US\",\"@id\":\"https:\/\/marina.portquebec.ca\/en\/#\/schema\/logo\/image\/\",\"url\":\"\",\"contentUrl\":\"\",\"caption\":\"Marina du Port de Qu\u00e9bec\"},\"image\":{\"@id\":\"https:\/\/marina.portquebec.ca\/en\/#\/schema\/logo\/image\/\"},\"sameAs\":[\"https:\/\/www.facebook.com\/marinaportquebec\"]}]}<\/script>\n<!-- \/ Yoast SEO plugin. -->","yoast_head_json":{"title":"How to get there - Marina du Port de Qu\u00e9bec","robots":{"index":"index","follow":"follow","max-snippet":"max-snippet:-1","max-image-preview":"max-image-preview:large","max-video-preview":"max-video-preview:-1"},"canonical":"https:\/\/marina.portquebec.ca\/en\/how-to-get-there\/","og_locale":"en_US","og_type":"article","og_title":"How to get there - Marina du Port de Qu\u00e9bec","og_url":"https:\/\/marina.portquebec.ca\/en\/how-to-get-there\/","og_site_name":"Marina du Port de Qu\u00e9bec","article_publisher":"https:\/\/www.facebook.com\/marinaportquebec","article_modified_time":"2025-11-18T14:36:53+00:00","og_image":[{"width":1000,"height":522,"url":"https:\/\/marina.portquebec.ca\/wp-content\/uploads\/2025\/12\/94d60834-1b28-48b4-9721-f59f7adf099a.jpg","type":"image\/jpeg"}],"twitter_card":"summary_large_image","schema":{"@context":"https:\/\/schema.org","@graph":[{"@type":"WebPage","@id":"https:\/\/marina.portquebec.ca\/en\/how-to-get-there\/","url":"https:\/\/marina.portquebec.ca\/en\/how-to-get-there\/","name":"How to get there - Marina du Port de Qu\u00e9bec","isPartOf":{"@id":"https:\/\/marina.portquebec.ca\/en\/#website"},"datePublished":"2025-09-24T14:53:55+00:00","dateModified":"2025-11-18T14:36:53+00:00","breadcrumb":{"@id":"https:\/\/marina.portquebec.ca\/en\/how-to-get-there\/#breadcrumb"},"inLanguage":"en-US","potentialAction":[{"@type":"ReadAction","target":["https:\/\/marina.portquebec.ca\/en\/how-to-get-there\/"]}]},{"@type":"BreadcrumbList","@id":"https:\/\/marina.portquebec.ca\/en\/how-to-get-there\/#breadcrumb","itemListElement":[{"@type":"ListItem","position":1,"name":"Home","item":"https:\/\/marina.portquebec.ca\/en\/"},{"@type":"ListItem","position":2,"name":"How to get there"}]},{"@type":"WebSite","@id":"https:\/\/marina.portquebec.ca\/en\/#website","url":"https:\/\/marina.portquebec.ca\/en\/","name":"Marina du Port de Qu\u00e9bec","description":"","publisher":{"@id":"https:\/\/marina.portquebec.ca\/en\/#organization"},"potentialAction":[{"@type":"SearchAction","target":{"@type":"EntryPoint","urlTemplate":"https:\/\/marina.portquebec.ca\/en\/?s={search_term_string}"},"query-input":{"@type":"PropertyValueSpecification","valueRequired":true,"valueName":"search_term_string"}}],"inLanguage":"en-US"},{"@type":"Organization","@id":"https:\/\/marina.portquebec.ca\/en\/#organization","name":"Marina du Port de Qu\u00e9bec","url":"https:\/\/marina.portquebec.ca\/en\/","logo":{"@type":"ImageObject","inLanguage":"en-US","@id":"https:\/\/marina.portquebec.ca\/en\/#\/schema\/logo\/image\/","url":"","contentUrl":"","caption":"Marina du Port de Qu\u00e9bec"},"image":{"@id":"https:\/\/marina.portquebec.ca\/en\/#\/schema\/logo\/image\/"},"sameAs":["https:\/\/www.facebook.com\/marinaportquebec"]}]}},"_links":{"self":[{"href":"https:\/\/marina.portquebec.ca\/en\/wp-json\/wp\/v2\/pages\/203","targetHints":{"allow":["GET"]}}],"collection":[{"href":"https:\/\/marina.portquebec.ca\/en\/wp-json\/wp\/v2\/pages"}],"about":[{"href":"https:\/\/marina.portquebec.ca\/en\/wp-json\/wp\/v2\/types\/page"}],"author":[{"embeddable":true,"href":"https:\/\/marina.portquebec.ca\/en\/wp-json\/wp\/v2\/users\/1"}],"replies":[{"embeddable":true,"href":"https:\/\/marina.portquebec.ca\/en\/wp-json\/wp\/v2\/comments?post=203"}],"version-history":[{"count":10,"href":"https:\/\/marina.portquebec.ca\/en\/wp-json\/wp\/v2\/pages\/203\/revisions"}],"predecessor-version":[{"id":1745,"href":"https:\/\/marina.portquebec.ca\/en\/wp-json\/wp\/v2\/pages\/203\/revisions\/1745"}],"wp:attachment":[{"href":"https:\/\/marina.portquebec.ca\/en\/wp-json\/wp\/v2\/media?parent=203"}],"curies":[{"name":"wp","href":"https:\/\/api.w.org\/{rel}","templated":true}]}}